{"id":34,"date":"2014-08-31T09:53:54","date_gmt":"2014-08-31T09:53:54","guid":{"rendered":"http:\/\/www.happy-pc.ch\/wordpress\/?page_id=34"},"modified":"2014-10-03T18:06:52","modified_gmt":"2014-10-03T18:06:52","slug":"walserweg","status":"publish","type":"page","link":"http:\/\/blog.happy-pc.ch\/my_way\/?page_id=34","title":{"rendered":"Walserweg"},"content":{"rendered":"<p>Der Walserweg Graub\u00fcnden folgt in 19 Tagesetappen (insgesamt 300 km \/ 20&#8217;000 H\u00f6henmeter rauf \/ runter) den Spuren der Walser in den Hocht\u00e4lern Graub\u00fcndens. Die Route verl\u00e4uft auf historischen Wegen durch atemberaubende Natur- und intakte Kulturlandschaften. Den Wandernden bieten sich Einblicke in die Kultur der Walser und deren Geschichte. <\/p>\n<p>Der Weg beginnt im Dorf San Bernardino. \u00dcber den gleichnamigen Pass kamen um 1270 die ersten Siedler aus dem Wallis und liessen sich im Rheinwald nieder. In Hinterrhein, Nufenen und Spl\u00fcgen erinnern die m\u00e4chtigen H\u00e4user noch heute an die Zeit der S\u00e4umer, waren doch der Spl\u00fcgenpass, der Safierberg wie auch der Passo del S. Bernardino und der Valserberg wichtige Nord\u2013S\u00fcd-Verbindungen. Die Route f\u00fchrt durch historisch gewachsene Kulturlandschaften und typische Walserstreusiedlungen. Die Wanderzeit pro Etappe liegt zwischen 4,5 und 7 Stunden. Es bleibt gen\u00fcgend Zeit, die sch\u00f6ne Landschaft zu geniessen und zu entdecken. Alpine \u00dcberg\u00e4nge verbinden die Hocht\u00e4ler, entlang dem Weg trifft man auf frische Bergseen und gesch\u00fctzte Hochmoore, es geht durch artenreiche Alpwiesen und schattenspendende Arven- und L\u00e4rchenw\u00e4lder. Diese imposanten Naturr\u00e4ume wechseln sich ab mit Zeugen der walserischen Weide- und Alpwirtschaft. Typische Schr\u00e4gz\u00e4une aus Holz, durch die Sonne schwarzgebrannte Walserh\u00e4user, Rundholzst\u00e4lle und regionale bauliche Unterschiede, wie die Steind\u00e4cher in Vals oder die Holzschindeld\u00e4cher im Safiental, machen den Reiz dieses Weitwanderwegs aus.<br \/>\n(Quelle: <a href=\"http:\/\/www.wanderland.ch\/de\/routen\/route-035.html\" title=\"wanderland.ch\">wanderland.ch<\/a>)<\/p>\n<p>Ich werde den Walserweg ab dem 25.09.2014 begehen &#8211; mal schauen wie weit ich komme.<\/p>\n<p>Informationsquellen zum Walserweg:<br \/>\n&#8211; <a href=\"http:\/\/www.wanderland.ch\/de\/routen\/route-035.html\" title=\"Walswerweg - Route 35\">Walserweg &#8211; Route 35<\/a><br \/>\n&#8211; <a href=\"http:\/\/www.walserweg.ch\/home.html\" title=\"Dr W\u00e4g zun d\u00e4 Walser\">Dr W\u00e4g zun d\u00e4 Walser &#8211; Walserweg.ch<\/a><br \/>\n&#8211; <a href=\"http:\/\/www.books.ch\/shop\/home\/suchartikel\/walserweg_graubuenden\/irene_schuler\/ISBN3-85869-421-5\/ID18739292.html?fftrk=3%3A3%3A10%3A10%3A1&#038;jumpId=11178528\" title=\"Das Buch zum Walserweg von Irene Schuler\">Das Buch zum Walserweg von Irene Schuler<\/a><br \/>\n&#8211; <a href=\"http:\/\/www.walserweg.ch\/aktualisierung-wanderfuehrer.html\" title=\"Aktualisierungen zum Buch \"Walserweg Graub\u00fcnden\"\">Aktualisierungen zum Buch &#8220;Walserweg Graub\u00fcnden&#8221;<\/a><\/p>\n<p>P.S. wer sein Gep\u00e4ck nicht selber tragen m\u00f6chte, der kann ein Pauschalangebot mit \u00dcbernachtungen etc. buchen: <a href=\"http:\/\/www.walserweg.ch\/wanderangebote.html\" title=\"Pauschalangebot\">Pauschalangebot<\/a><\/p>\n<p>Mein Walserweg-Tagebuch:<br \/>\n<a href=\"http:\/\/www.happy-pc.ch\/wordpress\/?p=289\" title=\"25.09.2014 - Etappe 01 - San Bernadino - Hinterrhein\">25.09.2014 &#8211; Etappe 01 &#8211; San Bernadino &#8211; Hinterrhein<\/a><br \/>\n<a href=\"http:\/\/www.happy-pc.ch\/wordpress\/?p=359\" title=\"26.09.2014 - Etappe 02 - Hinterrhein - Vals\">26.09.2014 &#8211; Etappe 02 &#8211; Hinterrhein &#8211; Vals<\/a><br \/>\n<a href=\"http:\/\/www.happy-pc.ch\/wordpress\/?p=361\" title=\"27.09.2014 - Etappe 03 - Vals - Turrahus\">27.09.2014 &#8211; Etappe 03 &#8211; Vals &#8211; Turrahus<\/a><br \/>\n<a href=\"http:\/\/www.happy-pc.ch\/wordpress\/?p=363\" title=\"28.09.2014 - Etappe 04 - Turrahus - Safien Platz\">28.09.2014 &#8211; Etappe 04 &#8211; Turrahus &#8211; Safien Platz<\/a><br \/>\n<a href=\"http:\/\/www.happy-pc.ch\/wordpress\/?p=493\" title=\"29.09.2014 - Etappe 05 - Safien Platz - Thusis\">29.09.2014 &#8211; Etappe 05 &#8211; Safien Platz &#8211; Thusis<\/a><br \/>\n<a href=\"http:\/\/www.happy-pc.ch\/wordpress\/?p=532\" title=\"03.10.2014 - Etappe 06 - Thusis - Obermutten\">03.10.2014 &#8211; Etappe 06 &#8211; Thusis &#8211; Obermutten<\/a><\/p>\n","protected":false},"excerpt":{"rendered":"<p>Der Walserweg Graub\u00fcnden folgt in 19 Tagesetappen (insgesamt 300 km \/ 20&#8217;000 H\u00f6henmeter rauf \/ runter) den Spuren der Walser in den Hocht\u00e4lern Graub\u00fcndens. Die Route verl\u00e4uft auf historischen Wegen durch atemberaubende Natur- und intakte Kulturlandschaften. Den Wandernden bieten sich Einblicke in die Kultur der Walser und deren Geschichte. Der Weg beginnt im Dorf San &hellip; <a href=\"http:\/\/blog.happy-pc.ch\/my_way\/?page_id=34\" class=\"more-link\">Continue reading <span class=\"screen-reader-text\">Walserweg<\/span> <span class=\"meta-nav\">&rarr;<\/span><\/a><\/p>\n","protected":false},"author":1,"featured_media":45,"parent":0,"menu_order":0,"comment_status":"open","ping_status":"open","template":"","meta":[],"_links":{"self":[{"href":"http:\/\/blog.happy-pc.ch\/my_way\/index.php?rest_route=\/wp\/v2\/pages\/34"}],"collection":[{"href":"http:\/\/blog.happy-pc.ch\/my_way\/index.php?rest_route=\/wp\/v2\/pages"}],"about":[{"href":"http:\/\/blog.happy-pc.ch\/my_way\/index.php?rest_route=\/wp\/v2\/types\/page"}],"author":[{"embeddable":true,"href":"http:\/\/blog.happy-pc.ch\/my_way\/index.php?rest_route=\/wp\/v2\/users\/1"}],"replies":[{"embeddable":true,"href":"http:\/\/blog.happy-pc.ch\/my_way\/index.php?rest_route=%2Fwp%2Fv2%2Fcomments&post=34"}],"version-history":[{"count":9,"href":"http:\/\/blog.happy-pc.ch\/my_way\/index.php?rest_route=\/wp\/v2\/pages\/34\/revisions"}],"predecessor-version":[{"id":703,"href":"http:\/\/blog.happy-pc.ch\/my_way\/index.php?rest_route=\/wp\/v2\/pages\/34\/revisions\/703"}],"wp:featuredmedia":[{"embeddable":true,"href":"http:\/\/blog.happy-pc.ch\/my_way\/index.php?rest_route=\/wp\/v2\/media\/45"}],"wp:attachment":[{"href":"http:\/\/blog.happy-pc.ch\/my_way\/index.php?rest_route=%2Fwp%2Fv2%2Fmedia&parent=34"}],"curies":[{"name":"wp","href":"https:\/\/api.w.org\/{rel}","templated":true}]}}