{"id":38,"date":"2014-08-31T09:59:34","date_gmt":"2014-08-31T09:59:34","guid":{"rendered":"http:\/\/www.happy-pc.ch\/wordpress\/?page_id=38"},"modified":"2014-10-30T07:26:02","modified_gmt":"2014-10-30T07:26:02","slug":"mein-weg-2","status":"publish","type":"page","link":"http:\/\/blog.happy-pc.ch\/my_way\/","title":{"rendered":"Mein Weg"},"content":{"rendered":"<p>Ich vergleiche meinen Weg gerne mit dem eines Flusses. Irgendwo beginnt mein Weg \u2013 und je laenger ich auf diesem Weg wandere, umso groesser wird mein Rucksack an Erfahrungen und umso gem\u00e4chlicher bewege ich mich auf meinem Weg. Auch die Steine, die sich mir in den Weg stellen, f\u00fchlen sich mit der Zeit runder und nicht mehr so gross an, wie das noch am Anfang der Fall gewesen ist. Das Ziel ist weit weg, aber das k\u00fcmmert mich wenig, denn wichtig ist mir der Moment geworden. Ich mache mir Gedanken \u00fcber den naechsten Schritt, und nicht wo ich evtl sein werde. Aber das f\u00e4llt mir nicht immer leicht, denn ich ertappe mich ab und zu dabei, in die Zukunft schauen zu wollen, denn ich fuehle mich manchmal auch unwohl auf dem Weg, bei dem ich nicht weiss, wohin dieser f\u00fchrt. Aber eigentlich ist ja der Weg das Ziel, und das rufe ich mir immer wieder ins Ged\u00e4chnis und setze meinen Weg fort, begleitet von vielen Wegbegleitern.<\/p>\n<p>In diesem Blog erz\u00e4hle ich von meinen Erlebnissen auf meinem Weg \u2013 unterstrichen mit Bildern etc.<br \/>\nViel Spass beim Lesen<\/p>\n","protected":false},"excerpt":{"rendered":"<p>Ich vergleiche meinen Weg gerne mit dem eines Flusses. Irgendwo beginnt mein Weg \u2013 und je laenger ich auf diesem Weg wandere, umso groesser wird mein Rucksack an Erfahrungen und umso gem\u00e4chlicher bewege ich mich auf meinem Weg. Auch die Steine, die sich mir in den Weg stellen, f\u00fchlen sich mit der Zeit runder und &hellip; <a href=\"http:\/\/blog.happy-pc.ch\/my_way\/\" class=\"more-link\">Continue reading <span class=\"screen-reader-text\">Mein Weg<\/span> <span class=\"meta-nav\">&rarr;<\/span><\/a><\/p>\n","protected":false},"author":1,"featured_media":42,"parent":0,"menu_order":0,"comment_status":"closed","ping_status":"closed","template":"","meta":[],"_links":{"self":[{"href":"http:\/\/blog.happy-pc.ch\/my_way\/index.php?rest_route=\/wp\/v2\/pages\/38"}],"collection":[{"href":"http:\/\/blog.happy-pc.ch\/my_way\/index.php?rest_route=\/wp\/v2\/pages"}],"about":[{"href":"http:\/\/blog.happy-pc.ch\/my_way\/index.php?rest_route=\/wp\/v2\/types\/page"}],"author":[{"embeddable":true,"href":"http:\/\/blog.happy-pc.ch\/my_way\/index.php?rest_route=\/wp\/v2\/users\/1"}],"replies":[{"embeddable":true,"href":"http:\/\/blog.happy-pc.ch\/my_way\/index.php?rest_route=%2Fwp%2Fv2%2Fcomments&post=38"}],"version-history":[{"count":1,"href":"http:\/\/blog.happy-pc.ch\/my_way\/index.php?rest_route=\/wp\/v2\/pages\/38\/revisions"}],"predecessor-version":[{"id":39,"href":"http:\/\/blog.happy-pc.ch\/my_way\/index.php?rest_route=\/wp\/v2\/pages\/38\/revisions\/39"}],"wp:featuredmedia":[{"embeddable":true,"href":"http:\/\/blog.happy-pc.ch\/my_way\/index.php?rest_route=\/wp\/v2\/media\/42"}],"wp:attachment":[{"href":"http:\/\/blog.happy-pc.ch\/my_way\/index.php?rest_route=%2Fwp%2Fv2%2Fmedia&parent=38"}],"curies":[{"name":"wp","href":"https:\/\/api.w.org\/{rel}","templated":true}]}}